{"id":8,"date":"2026-02-15T21:05:03","date_gmt":"2026-02-15T21:05:03","guid":{"rendered":"http:\/\/www.kankataksi.com\/?page_id=8"},"modified":"2026-03-27T12:05:42","modified_gmt":"2026-03-27T12:05:42","slug":"kanka-taksi-istanbul-7-24-taksi-hizmeti","status":"publish","type":"page","link":"https:\/\/kankataksi.com\/","title":{"rendered":"Kanka Korsan Taksi  7\/24 Korsan Taksi Hizmeti"},"content":{"rendered":"\t\t<div data-elementor-type=\"wp-page\" data-elementor-id=\"8\" class=\"elementor elementor-8\">\n\t\t\t\t<div class=\"elementor-element elementor-element-ca952af e-con-full e-flex e-con e-parent\" data-id=\"ca952af\" data-element_type=\"container\" data-e-type=\"container\">\n\t\t\t\t<div class=\"elementor-element elementor-element-35c8bd9 elementor-widget__width-auto elementor-widget elementor-widget-text-editor\" data-id=\"35c8bd9\" data-element_type=\"widget\" data-e-type=\"widget\" data-widget_type=\"text-editor.default\">\n\t\t\t\t\t\t\t\t\t<p>\u0130stanbul\u2019da 7\/24 G\u00fcvenli korsan Taksi Hizmeti<\/p>\n<p><a style=\"display: inline-block; padding: 15px 25px; background: #007BFF; color: white; font-size: 18px; border-radius: 8px; text-decoration: none;\" href=\"tel:+905396096074\"><br \/><img decoding=\"async\" class=\"emoji\" role=\"img\" draggable=\"false\" src=\"https:\/\/s.w.org\/images\/core\/emoji\/17.0.2\/svg\/1f4de.svg\" alt=\"\ud83d\udcde\" \/> Aray\u0131n<br \/><\/a><\/p>\n<p>\u00a0<\/p>\n<p><a style=\"display: inline-block; padding: 15px 25px; background: #25D366; color: white; font-size: 18px; border-radius: 8px; text-decoration: none;\" href=\"https:\/\/wa.me\/905396096074?text=Merhaba%2C%20taksi%20i%C3%A7in%20bilgi%20almak%20istiyorum.\" target=\"_blank\" rel=\"noopener\"><br \/>WhatsApp\u00a0<\/a><\/p>\n<p>\u00a0<\/p>\n<p><!-- \/wp:paragraph --><!-- wp:paragraph --><\/p>\n<p>\u00a0<\/p>\n<p>Kanka Taksi olarak \u0130stanbul Avrupa ve Anadolu Yakas\u0131\u2019nda 7 g\u00fcn 24 saat h\u0131zl\u0131 ve g\u00fcvenli korsan taksi hizmeti sunuyoruz.<\/p>\n<p><!-- \/wp:paragraph --><!-- wp:paragraph --><\/p>\n<p>Deneyimli \u015fof\u00f6rlerimizle konforlu yolculuk i\u00e7in hemen aray\u0131n.<\/p>\n<p><!-- \/wp:paragraph --><!-- wp:paragraph --><\/p>\n<p><strong>Hizmetlerimiz:<\/strong><\/p>\n<p><!-- \/wp:paragraph --><!-- wp:paragraph --><\/p>\n<p>\u0130stanbul i\u00e7i taksi<\/p>\n<p><!-- \/wp:paragraph --><!-- wp:paragraph --><\/p>\n<p>\u0130stanbul Havaliman\u0131 transfer<\/p>\n<p><!-- \/wp:paragraph --><!-- wp:paragraph --><\/p>\n<p>Sabiha G\u00f6k\u00e7en transfer<\/p>\n<p><!-- \/wp:paragraph --><!-- wp:paragraph --><\/p>\n<p>\u015eehirler aras\u0131 ula\u015f\u0131m<\/p>\n<p><!-- \/wp:paragraph --><!-- wp:paragraph --><\/p>\n<p>VIP konforlu ara\u00e7<\/p>\n<p><!-- \/wp:paragraph --><!-- wp:paragraph --><\/p>\n<p><img decoding=\"async\" class=\"emoji\" role=\"img\" draggable=\"false\" src=\"https:\/\/s.w.org\/images\/core\/emoji\/17.0.2\/svg\/1f4de.svg\" alt=\"\ud83d\udcde\" \/> 05396096074<\/p>\n<p><!-- \/wp:paragraph --><!-- wp:paragraph {\"align\":\"left\"} --><\/p>\n<p class=\"has-text-align-left\"><img decoding=\"async\" class=\"emoji\" role=\"img\" draggable=\"false\" src=\"https:\/\/s.w.org\/images\/core\/emoji\/17.0.2\/svg\/1f696.svg\" alt=\"\ud83d\ude96\" \/> <strong>\u015eehir \u0130\u00e7i ve \u015eehirleraras\u0131 7\/24 Taksi<\/strong><\/p>\n<p><!-- \/wp:paragraph --><!-- wp:paragraph --><\/p>\n<p><!-- \/wp:paragraph --><\/p>\n<p><a style=\"display: inline-block; padding: 15px 25px; background: #25D366; color: white; font-size: 18px; border-radius: 8px; text-decoration: none;\" href=\"https:\/\/wa.me\/905396096074?text=Merhaba%2C%20taksi%20i%C3%A7in%20bilgi%20almak%20istiyorum.\" target=\"_blank\" rel=\"noopener\"><br \/>WhatsApp\u00a0<br \/><\/a><\/p>\n<p><a style=\"display: inline-block; padding: 15px 25px; background: #007BFF; color: white; font-size: 18px; border-radius: 8px; text-decoration: none;\" href=\"tel:+905396096074\"><br \/><img decoding=\"async\" class=\"emoji\" role=\"img\" draggable=\"false\" src=\"https:\/\/s.w.org\/images\/core\/emoji\/17.0.2\/svg\/1f4de.svg\" alt=\"\ud83d\udcde\" \/> Aray\u0131n<br \/><\/a><\/p>\t\t\t\t\t\t\t\t<\/div>\n\t\t\t\t<div class=\"elementor-element elementor-element-47f3cbc elementor-widget elementor-widget-image\" data-id=\"47f3cbc\" data-element_type=\"widget\" data-e-type=\"widget\" data-widget_type=\"image.default\">\n\t\t\t\t\t\t\t\t\t\t\t\t\t\t\t<img fetchpriority=\"high\" decoding=\"async\" width=\"1024\" height=\"559\" src=\"https:\/\/kankataksi.com\/wp-content\/uploads\/2026\/03\/Gemini_Generated_Image_arpoo5arpoo5arpo-1024x559.png\" class=\"attachment-large size-large wp-image-55\" alt=\"\" srcset=\"https:\/\/kankataksi.com\/wp-content\/uploads\/2026\/03\/Gemini_Generated_Image_arpoo5arpoo5arpo-1024x559.png 1024w, https:\/\/kankataksi.com\/wp-content\/uploads\/2026\/03\/Gemini_Generated_Image_arpoo5arpoo5arpo-300x164.png 300w, https:\/\/kankataksi.com\/wp-content\/uploads\/2026\/03\/Gemini_Generated_Image_arpoo5arpoo5arpo-768x419.png 768w, https:\/\/kankataksi.com\/wp-content\/uploads\/2026\/03\/Gemini_Generated_Image_arpoo5arpoo5arpo.png 1408w\" sizes=\"(max-width: 1024px) 100vw, 1024px\" \/>\t\t\t\t\t\t\t\t\t\t\t\t\t\t\t<\/div>\n\t\t\t\t<\/div>\n\t\t<div class=\"elementor-element elementor-element-fad3e78 e-con-full e-flex e-con e-parent\" data-id=\"fad3e78\" data-element_type=\"container\" data-e-type=\"container\">\n\t\t\t\t<\/div>\n\t\t\t\t<\/div>\n\t\t","protected":false},"excerpt":{"rendered":"<p>\u0130stanbul\u2019da 7\/24 G\u00fcvenli korsan Taksi Hizmeti Aray\u0131n \u00a0 WhatsApp\u00a0 \u00a0 \u00a0 Kanka Taksi olarak \u0130stanbul Avrupa ve Anadolu Yakas\u0131\u2019nda 7 g\u00fcn 24 saat h\u0131zl\u0131 ve g\u00fcvenli korsan taksi hizmeti sunuyoruz. Deneyimli \u015fof\u00f6rlerimizle konforlu yolculuk i\u00e7in hemen aray\u0131n. Hizmetlerimiz: \u0130stanbul i\u00e7i taksi \u0130stanbul Havaliman\u0131 transfer Sabiha G\u00f6k\u00e7en transfer \u015eehirler aras\u0131 ula\u015f\u0131m VIP konforlu ara\u00e7 05396096074 \u015eehir [&hellip;]<\/p>\n","protected":false},"author":1,"featured_media":0,"parent":0,"menu_order":0,"comment_status":"closed","ping_status":"closed","template":"","meta":{"footnotes":""},"class_list":["post-8","page","type-page","status-publish","hentry"],"_links":{"self":[{"href":"https:\/\/kankataksi.com\/index.php\/wp-json\/wp\/v2\/pages\/8","targetHints":{"allow":["GET"]}}],"collection":[{"href":"https:\/\/kankataksi.com\/index.php\/wp-json\/wp\/v2\/pages"}],"about":[{"href":"https:\/\/kankataksi.com\/index.php\/wp-json\/wp\/v2\/types\/page"}],"author":[{"embeddable":true,"href":"https:\/\/kankataksi.com\/index.php\/wp-json\/wp\/v2\/users\/1"}],"replies":[{"embeddable":true,"href":"https:\/\/kankataksi.com\/index.php\/wp-json\/wp\/v2\/comments?post=8"}],"version-history":[{"count":39,"href":"https:\/\/kankataksi.com\/index.php\/wp-json\/wp\/v2\/pages\/8\/revisions"}],"predecessor-version":[{"id":76,"href":"https:\/\/kankataksi.com\/index.php\/wp-json\/wp\/v2\/pages\/8\/revisions\/76"}],"wp:attachment":[{"href":"https:\/\/kankataksi.com\/index.php\/wp-json\/wp\/v2\/media?parent=8"}],"curies":[{"name":"wp","href":"https:\/\/api.w.org\/{rel}","templated":true}]}}